{"id":3,"date":"2019-06-12T14:12:45","date_gmt":"2019-06-12T14:12:45","guid":{"rendered":"https:\/\/themes.muffingroup.com\/be\/honey\/?page_id=3"},"modified":"2024-12-16T16:27:39","modified_gmt":"2024-12-16T15:27:39","slug":"mentionslegales","status":"publish","type":"page","link":"https:\/\/lesjoliscanons.com\/index.php\/mentionslegales\/","title":{"rendered":"Mentions l\u00e9gales"},"content":{"rendered":"\n<h2 class=\"wp-block-heading\"><strong>MENTIONS LEGALES<\/strong><\/h2>\n\n\n\n<p><strong>Editeur et propri\u00e9taire du site<\/strong><\/p>\n\n\n\n<p><strong>Les jolis canons<\/strong><\/p>\n\n\n\n<p>5 rue Fresque, 30000 N\u00eemes<\/p>\n\n\n\n<p>Tel&nbsp;: +33 466402646<\/p>\n\n\n\n<p>URL site&nbsp;:<a href=\"https:\/\/librairiemomes.com\/\"> <\/a><a href=\"https:\/\/lesjoliscanons.com\/\">https:\/\/lesjoliscanons.com\/<\/a><\/p>\n\n\n\n<p>TVA INTRACOM&nbsp;: <\/p>\n\n\n\n<p>Mail&nbsp;: contact@lesjoliscanons.com<\/p>\n\n\n\n<p>SARL au capital de 1000 euros<\/p>\n\n\n\n<p>RCS N\u00eemes\u2013 SIRET <\/p>\n\n\n\n<p>Responsable de la publication&nbsp;: Vincent Farrugia<\/p>\n\n\n\n<p>Adresse de courrier \u00e9lectronique :&nbsp;contact@lesjoliscanons.com<\/p>\n\n\n\n<p><strong>H\u00e9bergeur&nbsp;<\/strong><\/p>\n\n\n\n<p><strong>OVH<\/strong><\/p>\n\n\n\n<p>SAS au capital de 10 069 020 \u20ac<\/p>\n\n\n\n<p>RCS Lille M\u00e9tropole 424 761 419 00045<\/p>\n\n\n\n<p>Code APE 2620Z<\/p>\n\n\n\n<p>N\u00b0 TVA : FR 22 424 761 419<\/p>\n\n\n\n<p>Si\u00e8ge social : 2 rue Kellermann \u2013 59100 Roubaix \u2013 France<\/p>\n\n\n\n<p><strong>Conception et r\u00e9alisation du site internet<\/strong><\/p>\n\n\n\n<p><strong>Les jolis canons<\/strong><\/p>\n\n\n\n<p>5 rue Fresque, 30000 N\u00eemes<\/p>\n\n\n\n<p>Tel&nbsp;: +33 7 60 36 28 28<\/p>\n\n\n\n<p><strong>Conditions g\u00e9n\u00e9ral d\u2019utilisation du site<\/strong><\/p>\n\n\n\n<p>Le site, accessible par l\u2019url&nbsp;<a href=\"https:\/\/lesjoliscanons.com\/\">https:\/\/lesjoliscanons.com\/<\/a> est exploit\u00e9 dans le respect de la l\u00e9gislation fran\u00e7aise et europ\u00e9enne. Le site est accessible gratuitement depuis n\u2019importe o\u00f9 par tout Utilisateur disposant d\u2019un acc\u00e8s \u00e0 Internet. Tous les frais n\u00e9cessaires pour l\u2019acc\u00e8s aux services (mat\u00e9riel informatique, connexion Internet\u2026) sont \u00e0 la charge de l\u2019Utilisateur.<\/p>\n\n\n\n<p>Pour des raisons de maintenance ou autres, l\u2019acc\u00e8s au site peut \u00eatre interrompu ou suspendu par l\u2019\u00e9diteur sans pr\u00e9avis ni justification.<\/p>\n\n\n\n<p>Les informations contenues sur ce site sont aussi pr\u00e9cises que possibles. Le site est p\u00e9riodiquement mis \u00e0 jour, mais peut toutefois contenir des inexactitudes, des omissions ou des insuffisances. Si vous constatez une erreur ou ce qui parait \u00eatre un dysfonctionnement, merci de bien vouloir le signaler par\u00a0email (contact@lesjoliscanons.com)en d\u00e9crivant le probl\u00e8me de la mani\u00e8re la plus pr\u00e9cise possible (page posant probl\u00e8me, action d\u00e9clenchante, type d\u2019ordinateur et de navigateur utilis\u00e9, \u2026).<\/p>\n\n\n\n<p>Aucune autre garantie n\u2019est accord\u00e9e \u00e0 l\u2019Utilisateur auquel incombe l\u2019obligation et la responsabilit\u00e9 de formuler clairement ses besoins. Si des informations fournies par\u00a0Les jolis canons\u00a0apparaissent inexactes, il appartiendra \u00e0 l\u2019Utilisateur de proc\u00e9der lui-m\u00eame \u00e0 toutes v\u00e9rifications de la coh\u00e9rence ou de la vraisemblance des r\u00e9sultats obtenus.\u00a0Les jolis canons\u00a0ne sera en aucune fa\u00e7on responsable ni vis \u00e0 vis des tiers, ni vis-\u00e0-vis de l\u2019Utilisateur des informations ou de l\u2019absence d\u2019informations contenues sur ses produits et\/ou sur son site<\/p>\n\n\n\n<p>Tout contenu t\u00e9l\u00e9charg\u00e9 se fait aux risques et p\u00e9rils de l\u2019Utilisateur et sous sa seule responsabilit\u00e9. En cons\u00e9quence,\u00a0Les jolis canons\u00a0ne saurait \u00eatre tenu responsable d\u2019un quelconque dommage subi par l\u2019ordinateur de l\u2019utilisateur ou d\u2019une quelconque perte de donn\u00e9es cons\u00e9cutives au t\u00e9l\u00e9chargement.\u00a0<\/p>\n\n\n\n<p><br>Les photos sont non contractuelles.<\/p>\n\n\n\n<p>Les liens hypertextes mis en place dans le cadre du pr\u00e9sent site en direction d\u2019autres ressources pr\u00e9sentes sur le r\u00e9seau Internet ne sauraient engager la responsabilit\u00e9 des jolis canons<strong>.<\/strong><\/p>\n\n\n\n<p>Si le site Internet contient des liens redirigeant vers d\u2019autres sites et donn\u00e9es de tiers, ces liens seront uniquement fournis \u00e0 titre d\u2019information, sans que nous n\u2019ayons aucun contr\u00f4le sur le contenu ou les donn\u00e9es de ces sites. En cons\u00e9quence,\u00a0les jolis canons d\u00e9cline toute responsabilit\u00e9 en cas de perte ou de nuisance r\u00e9sultant de l\u2019utilisation de ces liens.<\/p>\n\n\n\n<p><strong>Propri\u00e9t\u00e9 intellectuelle<\/strong><\/p>\n\n\n\n<p>Tout le contenu du pr\u00e9sent site, incluant, de fa\u00e7on non limitative, le nom de domaine, les graphismes, images, textes, vid\u00e9os, animations, sons, logos, marques, gifs et ic\u00f4nes ainsi que leur mise en forme sont la propri\u00e9t\u00e9 exclusive de&nbsp;M\u00f4mes, \u00e0 l\u2019exception des marques, logos ou contenus appartenant \u00e0 d\u2019autres soci\u00e9t\u00e9s partenaires ou auteurs auxquels les liens hypertextes mis en place peuvent renvoyer.<\/p>\n\n\n\n<p>Toute reproduction, distribution, modification, adaptation, retransmission ou publication, m\u00eame partielle, de ces diff\u00e9rents \u00e9l\u00e9ments est strictement interdite sans l\u2019accord expr\u00e8s et \u00e9crit du Responsable de la publication des jolis canons.\u00a0<\/p>\n\n\n\n<p>Cette repr\u00e9sentation ou reproduction, par quelque proc\u00e9d\u00e9 que ce soit, constitue une contrefa\u00e7on sanctionn\u00e9e par les articles L.335-2 et suivants du Code de la propri\u00e9t\u00e9 intellectuelle. Le non-respect de cette interdiction constitue une contrefa\u00e7on pouvant engager la responsabilit\u00e9 civile et p\u00e9nale du contrefacteur.&nbsp;<\/p>\n\n\n\n<p><strong>Confidentialit\u00e9&nbsp;<\/strong><\/p>\n\n\n\n<p>Les jolis canons s\u2019engage \u00e0 assurer la s\u00e9curit\u00e9 et le respect de la confidentialit\u00e9 de vos donn\u00e9es personnelles en veillant \u00e0 ce que ces derni\u00e8res ne soient pas accessibles \u00e0 des tiers non autoris\u00e9s ou qu\u2019elles soient utilis\u00e9es \u00e0 des fins contraires ou diff\u00e9rentes de l\u2019usage que vous avez autoris\u00e9.\u00a0<\/p>\n\n\n\n<p>Nous prenons toutes les mesures pour garantir la s\u00e9curit\u00e9 notre site internet et pour d\u00e9tecter les failles de s\u00e9curit\u00e9 et les points de vuln\u00e9rabilit\u00e9 pour que votre visite sur notre site soit le plus s\u00e9curis\u00e9e possible.&nbsp;<\/p>\n\n\n\n<p>&nbsp;Vos informations personnelles sont conserv\u00e9es sur des r\u00e9seaux s\u00e9curis\u00e9s et ne sont accessibles qu\u2019\u00e0 un nombre limit\u00e9 de personnes qui ont les droits d\u2019acc\u00e8s aux syst\u00e8mes et qui sont tenues de garder ces informations confidentielles.&nbsp;<\/p>\n\n\n\n<p>Toutes les mesures sont prises pour garantir la s\u00e9curit\u00e9 des informations personnelles quand un Utilisateur effectue une commande.&nbsp;<\/p>\n\n\n\n<p><strong>Litiges&nbsp;<\/strong><\/p>\n\n\n\n<p>Les pr\u00e9sentes conditions sont r\u00e9gies par les lois fran\u00e7aises et toute contestation ou litiges qui pourraient na\u00eetre de l\u2019interpr\u00e9tation ou de l\u2019ex\u00e9cution de celles-ci seront de la comp\u00e9tence exclusive des tribunaux de N\u00eemes. La langue de r\u00e9f\u00e9rence, pour le r\u00e8glement de contentieux \u00e9ventuels, est le fran\u00e7ais.<\/p>\n\n\n\n<h3 class=\"wp-block-heading\">Version du 23 janvier 2022<\/h3>\n","protected":false},"excerpt":{"rendered":"<p>MENTIONS LEGALES Editeur et propri\u00e9taire du site Les jolis canons 5 rue Fresque, 30000 N\u00eemes Tel&nbsp;: +33 466402646 URL site&nbsp;: https:\/\/lesjoliscanons.com\/ TVA INTRACOM&nbsp;: Mail&nbsp;: contact@lesjoliscanons.com SARL<span class=\"excerpt-hellip\"> [\u2026]<\/span><\/p>\n","protected":false},"author":1,"featured_media":0,"parent":0,"menu_order":0,"comment_status":"open","ping_status":"open","template":"","meta":{"footnotes":""},"class_list":["post-3","page","type-page","status-publish","hentry"],"_links":{"self":[{"href":"https:\/\/lesjoliscanons.com\/index.php\/wp-json\/wp\/v2\/pages\/3","targetHints":{"allow":["GET"]}}],"collection":[{"href":"https:\/\/lesjoliscanons.com\/index.php\/wp-json\/wp\/v2\/pages"}],"about":[{"href":"https:\/\/lesjoliscanons.com\/index.php\/wp-json\/wp\/v2\/types\/page"}],"author":[{"embeddable":true,"href":"https:\/\/lesjoliscanons.com\/index.php\/wp-json\/wp\/v2\/users\/1"}],"replies":[{"embeddable":true,"href":"https:\/\/lesjoliscanons.com\/index.php\/wp-json\/wp\/v2\/comments?post=3"}],"version-history":[{"count":3,"href":"https:\/\/lesjoliscanons.com\/index.php\/wp-json\/wp\/v2\/pages\/3\/revisions"}],"predecessor-version":[{"id":277,"href":"https:\/\/lesjoliscanons.com\/index.php\/wp-json\/wp\/v2\/pages\/3\/revisions\/277"}],"wp:attachment":[{"href":"https:\/\/lesjoliscanons.com\/index.php\/wp-json\/wp\/v2\/media?parent=3"}],"curies":[{"name":"wp","href":"https:\/\/api.w.org\/{rel}","templated":true}]}}